{"id":70,"date":"2018-03-31T21:31:47","date_gmt":"2018-03-31T19:31:47","guid":{"rendered":"http:\/\/kupaliskovrutky.sk\/?page_id=70"},"modified":"2026-04-19T09:30:00","modified_gmt":"2026-04-19T07:30:00","slug":"aktualne-informacie","status":"publish","type":"page","link":"https:\/\/kupaliskovrutky.sk\/","title":{"rendered":"Aktu\u00e1lne inform\u00e1cie"},"content":{"rendered":"<h2 style=\"text-align: center;\"><\/h2>\n<h1 style=\"text-align: center;\"><span style=\"color: #ff0000;\">Oznam.<\/span><\/h1>\n<p style=\"text-align: center;\">K\u00fapalisko sa pripravuje.<\/p>\n<p style=\"text-align: center;\">Prv\u00e1 brig\u00e1da za nami.<\/p>\n<p style=\"text-align: center;\">Te\u0161\u00edme sa na sez\u00f3nu.<\/p>\n<p style=\"text-align: center;\">2026<\/p>\n<p style=\"text-align: center;\">Sledujte n\u00e1\u0161 on-line prenos.<\/p>\n<hr \/>\n<hr \/>\n","protected":false},"excerpt":{"rendered":"<p>Oznam. K\u00fapalisko sa pripravuje. Prv\u00e1 brig\u00e1da za nami. Te\u0161\u00edme sa na sez\u00f3nu. 2026 Sledujte n\u00e1\u0161 on-line prenos.<\/p>\n","protected":false},"author":1,"featured_media":0,"parent":0,"menu_order":0,"comment_status":"closed","ping_status":"closed","template":"","meta":{"_mi_skip_tracking":false,"_monsterinsights_sitenote_active":false,"_monsterinsights_sitenote_note":"","_monsterinsights_sitenote_category":0,"footnotes":""},"class_list":["post-70","page","type-page","status-publish","hentry"],"_links":{"self":[{"href":"https:\/\/kupaliskovrutky.sk\/index.php?rest_route=\/wp\/v2\/pages\/70","targetHints":{"allow":["GET"]}}],"collection":[{"href":"https:\/\/kupaliskovrutky.sk\/index.php?rest_route=\/wp\/v2\/pages"}],"about":[{"href":"https:\/\/kupaliskovrutky.sk\/index.php?rest_route=\/wp\/v2\/types\/page"}],"author":[{"embeddable":true,"href":"https:\/\/kupaliskovrutky.sk\/index.php?rest_route=\/wp\/v2\/users\/1"}],"replies":[{"embeddable":true,"href":"https:\/\/kupaliskovrutky.sk\/index.php?rest_route=%2Fwp%2Fv2%2Fcomments&post=70"}],"version-history":[{"count":6,"href":"https:\/\/kupaliskovrutky.sk\/index.php?rest_route=\/wp\/v2\/pages\/70\/revisions"}],"predecessor-version":[{"id":570,"href":"https:\/\/kupaliskovrutky.sk\/index.php?rest_route=\/wp\/v2\/pages\/70\/revisions\/570"}],"wp:attachment":[{"href":"https:\/\/kupaliskovrutky.sk\/index.php?rest_route=%2Fwp%2Fv2%2Fmedia&parent=70"}],"curies":[{"name":"wp","href":"https:\/\/api.w.org\/{rel}","templated":true}]}}