{"id":224,"date":"2018-07-13T23:04:26","date_gmt":"2018-07-13T21:04:26","guid":{"rendered":"http:\/\/kupaliskovrutky.sk\/?page_id=224"},"modified":"2018-07-13T23:13:29","modified_gmt":"2018-07-13T21:13:29","slug":"obnova-bazena","status":"publish","type":"page","link":"https:\/\/kupaliskovrutky.sk\/?page_id=224","title":{"rendered":"Obnova baz\u00e9na"},"content":{"rendered":"<p>Ako prebiehali rekon\u0161truk\u010dn\u00e9 pr\u00e1ce na ve\u013ekom baz\u00e9ne si m\u00f4\u017ete pozrie\u0165 <a href=\"https:\/\/www.facebook.com\/plugins\/video.php?href=https%3A%2F%2Fwww.facebook.com%2FSyncolsro.sk%2Fvideos%2F193686838019062%2F&amp;show_text=0&amp;width=560\">tu.<\/a><\/p>\n<p>Po\u010fakovanie patr\u00ed spolo\u010dnosti SYNCOL.<\/p>\n","protected":false},"excerpt":{"rendered":"<p>Ako prebiehali rekon\u0161truk\u010dn\u00e9 pr\u00e1ce na ve\u013ekom baz\u00e9ne si m\u00f4\u017ete pozrie\u0165 tu. Po\u010fakovanie patr\u00ed spolo\u010dnosti SYNCOL.<\/p>\n","protected":false},"author":1,"featured_media":0,"parent":0,"menu_order":0,"comment_status":"closed","ping_status":"closed","template":"","meta":{"_mi_skip_tracking":false,"_monsterinsights_sitenote_active":false,"_monsterinsights_sitenote_note":"","_monsterinsights_sitenote_category":0,"footnotes":""},"class_list":["post-224","page","type-page","status-publish","hentry"],"_links":{"self":[{"href":"https:\/\/kupaliskovrutky.sk\/index.php?rest_route=\/wp\/v2\/pages\/224","targetHints":{"allow":["GET"]}}],"collection":[{"href":"https:\/\/kupaliskovrutky.sk\/index.php?rest_route=\/wp\/v2\/pages"}],"about":[{"href":"https:\/\/kupaliskovrutky.sk\/index.php?rest_route=\/wp\/v2\/types\/page"}],"author":[{"embeddable":true,"href":"https:\/\/kupaliskovrutky.sk\/index.php?rest_route=\/wp\/v2\/users\/1"}],"replies":[{"embeddable":true,"href":"https:\/\/kupaliskovrutky.sk\/index.php?rest_route=%2Fwp%2Fv2%2Fcomments&post=224"}],"version-history":[{"count":2,"href":"https:\/\/kupaliskovrutky.sk\/index.php?rest_route=\/wp\/v2\/pages\/224\/revisions"}],"predecessor-version":[{"id":228,"href":"https:\/\/kupaliskovrutky.sk\/index.php?rest_route=\/wp\/v2\/pages\/224\/revisions\/228"}],"wp:attachment":[{"href":"https:\/\/kupaliskovrutky.sk\/index.php?rest_route=%2Fwp%2Fv2%2Fmedia&parent=224"}],"curies":[{"name":"wp","href":"https:\/\/api.w.org\/{rel}","templated":true}]}}