{"id":137,"date":"2018-06-25T19:36:18","date_gmt":"2018-06-25T17:36:18","guid":{"rendered":"http:\/\/kupaliskovrutky.sk\/?page_id=137"},"modified":"2020-09-15T09:52:11","modified_gmt":"2020-09-15T07:52:11","slug":"kupelny-poriadok","status":"publish","type":"page","link":"https:\/\/kupaliskovrutky.sk\/?page_id=137","title":{"rendered":"K\u00fape\u013en\u00fd poriadok"},"content":{"rendered":"<p style=\"text-align: center;\"><a href=\"http:\/\/kupaliskovrutky.sk\/wp-content\/uploads\/2019\/07\/PVK_Prevadzkovy_poriadok_2019.pdf\"><strong>POKYNY PRE N\u00c1V\u0160TEVN\u00cdKOV<\/strong><\/a><\/p>\n<p style=\"text-align: center;\"><strong>Z\u00a0hygienick\u00fdch d\u00f4vodov a kv\u00f4li technol\u00f3gii baz\u00e9nov je do baz\u00e9nov<br \/>\n<\/strong><strong><span style=\"color: #ff0000;\">Z\u00c1KAZ VSTUPU<\/span><br \/>\n<\/strong><strong>v<\/strong> <strong>nezodpovedaj\u00facich plavk\u00e1ch.<\/strong><\/p>\n<hr \/>\n<p style=\"text-align: center;\"><strong><span style=\"color: #008000;\">Typy p\u00e1nskych plaviek, ktor\u00e9 zodpovedaj\u00fa k\u00fape\u013en\u00e9mu poriadku.<\/span><br \/>\n<img loading=\"lazy\" decoding=\"async\" class=\"alignnone size-medium wp-image-144\" src=\"http:\/\/kupaliskovrutky.sk\/wp-content\/uploads\/2018\/06\/Plavky-ano-300x95.jpg\" alt=\"\" width=\"300\" height=\"95\" srcset=\"https:\/\/kupaliskovrutky.sk\/wp-content\/uploads\/2018\/06\/Plavky-ano-300x95.jpg 300w, https:\/\/kupaliskovrutky.sk\/wp-content\/uploads\/2018\/06\/Plavky-ano.jpg 742w\" sizes=\"auto, (max-width: 300px) 100vw, 300px\" \/><br \/>\n<span style=\"color: #ff0000;\">Nevyhovuj\u00face typy: k\u00fapacie bermudy, \u0161ortky a\u00a0kra\u0165asy!<\/span><br \/>\n<img loading=\"lazy\" decoding=\"async\" class=\"alignnone size-medium wp-image-145\" src=\"http:\/\/kupaliskovrutky.sk\/wp-content\/uploads\/2018\/06\/Plavky-nie-300x197.jpg\" alt=\"\" width=\"300\" height=\"197\" srcset=\"https:\/\/kupaliskovrutky.sk\/wp-content\/uploads\/2018\/06\/Plavky-nie-300x197.jpg 300w, https:\/\/kupaliskovrutky.sk\/wp-content\/uploads\/2018\/06\/Plavky-nie-768x503.jpg 768w, https:\/\/kupaliskovrutky.sk\/wp-content\/uploads\/2018\/06\/Plavky-nie.jpg 803w\" sizes=\"auto, (max-width: 300px) 100vw, 300px\" \/><br \/>\n<\/strong><strong>D\u00f4vod<\/strong>: <strong>Baz\u00e9ny s\u00fa napusten\u00e9 kvalitnou pitnou vodou.<br \/>\n<\/strong><\/p>\n<hr \/>\n<p>Pod\u013ea z\u00e1kona o\u00a0ochrane verejn\u00e9ho zdravia a\u00a0hygienickej Vyhl\u00e1\u0161ky, je povinnos\u0165ou prev\u00e1dzkovate\u013ea baz\u00e9nu zaisti\u0165 zodpovedaj\u00facu kvalitu vody, hygienu prev\u00e1dzky a\u00a0predov\u0161etk\u00fdm ochra\u0148ova\u0165 zdravie a bezpe\u010dnos\u0165 n\u00e1v\u0161tevn\u00edkov. Mus\u00ed vytvori\u0165 N\u00e1v\u0161tevn\u00fd poriadok a\u00a0je \u00faplne v\u00a0jeho kompetencii ur\u010di\u0165 typ plaveck\u00e9ho \u00faboru.<\/p>\n<p>\u0160ortky, bermudy z\u00a0pl\u00e1tna \u010di bavlny, s\u00a0vreckami, zipsami, gomb\u00edkmi \u010di in\u00fdmi ozdobami ni\u010dia zariadenie baz\u00e9nu a\u00a0v\u00fdrazne zhor\u0161uj\u00fa kvalitu vody (zvy\u0161uj\u00fa z\u00e1kal rozp\u00fa\u0161\u0165an\u00edm prac\u00edch pr\u00e1\u0161kov a\u00a0farb\u00edv, zan\u00e1\u0161aj\u00fa smeti, prach a\u00a0r\u00f4zne predmety \u2013 vreckovky, mince, obaly od potrav\u00edn a\u00a0in\u00e9).<\/p>\n<hr \/>\n<p style=\"text-align: center;\"><strong>Na z\u00e1klade vy\u0161\u0161ie uveden\u00e9ho bude od 9.6.2019 umo\u017enen\u00fd vstup len v elastick\u00fdch pl\u00e1vkach priliehav\u00e9ho typu alebo kratke silonove pl\u00e1vky siahajuce maxim\u00e1lne do pol stehien.<br \/>\n<\/strong><\/p>\n<hr \/>\n","protected":false},"excerpt":{"rendered":"<p>POKYNY PRE N\u00c1V\u0160TEVN\u00cdKOV Z\u00a0hygienick\u00fdch d\u00f4vodov a kv\u00f4li technol\u00f3gii baz\u00e9nov je do baz\u00e9nov Z\u00c1KAZ VSTUPU v nezodpovedaj\u00facich plavk\u00e1ch. Typy p\u00e1nskych plaviek, ktor\u00e9 zodpovedaj\u00fa k\u00fape\u013en\u00e9mu poriadku. Nevyhovuj\u00face typy: k\u00fapacie bermudy, \u0161ortky a\u00a0kra\u0165asy! D\u00f4vod: Baz\u00e9ny s\u00fa napusten\u00e9 kvalitnou pitnou vodou. Pod\u013ea z\u00e1kona o\u00a0ochrane verejn\u00e9ho zdravia a\u00a0hygienickej Vyhl\u00e1\u0161ky, je povinnos\u0165ou prev\u00e1dzkovate\u013ea baz\u00e9nu zaisti\u0165 zodpovedaj\u00facu kvalitu vody, hygienu prev\u00e1dzky a\u00a0predov\u0161etk\u00fdm &hellip; <\/p>\n<p class=\"link-more\"><a href=\"https:\/\/kupaliskovrutky.sk\/?page_id=137\" class=\"more-link\">Pokra\u010dova\u0165 v \u010d\u00edtan\u00ed<span class=\"screen-reader-text\"> &#8222;K\u00fape\u013en\u00fd poriadok&#8220;<\/span><\/a><\/p>\n","protected":false},"author":1,"featured_media":0,"parent":0,"menu_order":0,"comment_status":"closed","ping_status":"closed","template":"","meta":{"_mi_skip_tracking":false,"_monsterinsights_sitenote_active":false,"_monsterinsights_sitenote_note":"","_monsterinsights_sitenote_category":0,"footnotes":""},"class_list":["post-137","page","type-page","status-publish","hentry"],"_links":{"self":[{"href":"https:\/\/kupaliskovrutky.sk\/index.php?rest_route=\/wp\/v2\/pages\/137","targetHints":{"allow":["GET"]}}],"collection":[{"href":"https:\/\/kupaliskovrutky.sk\/index.php?rest_route=\/wp\/v2\/pages"}],"about":[{"href":"https:\/\/kupaliskovrutky.sk\/index.php?rest_route=\/wp\/v2\/types\/page"}],"author":[{"embeddable":true,"href":"https:\/\/kupaliskovrutky.sk\/index.php?rest_route=\/wp\/v2\/users\/1"}],"replies":[{"embeddable":true,"href":"https:\/\/kupaliskovrutky.sk\/index.php?rest_route=%2Fwp%2Fv2%2Fcomments&post=137"}],"version-history":[{"count":6,"href":"https:\/\/kupaliskovrutky.sk\/index.php?rest_route=\/wp\/v2\/pages\/137\/revisions"}],"predecessor-version":[{"id":379,"href":"https:\/\/kupaliskovrutky.sk\/index.php?rest_route=\/wp\/v2\/pages\/137\/revisions\/379"}],"wp:attachment":[{"href":"https:\/\/kupaliskovrutky.sk\/index.php?rest_route=%2Fwp%2Fv2%2Fmedia&parent=137"}],"curies":[{"name":"wp","href":"https:\/\/api.w.org\/{rel}","templated":true}]}}